{"id":579,"date":"2019-03-21T14:27:25","date_gmt":"2019-03-21T17:27:25","guid":{"rendered":"https:\/\/maurobernal.com.ar\/blog\/?page_id=579"},"modified":"2025-04-16T16:26:02","modified_gmt":"2025-04-16T19:26:02","slug":"tablero-de-comando","status":"publish","type":"page","link":"https:\/\/maurobernal.com.ar\/blog\/tablero-de-comando\/","title":{"rendered":"Tablero de Comando"},"content":{"rendered":"<p>[av_section min_height=\u00bb min_height_pc=&#8217;25&#8217; min_height_px=&#8217;500px&#8217; padding=&#8217;default&#8217; custom_margin=&#8217;0px&#8217; custom_margin_sync=&#8217;true&#8217; color=&#8217;main_color&#8217; background=&#8217;bg_color&#8217; custom_bg=&#8217;#d65799&#8242; background_gradient_color1=\u00bb background_gradient_color2=\u00bb background_gradient_direction=&#8217;vertical&#8217; src=\u00bb attachment=\u00bb attachment_size=\u00bb attach=&#8217;scroll&#8217; position=&#8217;top left&#8217; repeat=&#8217;no-repeat&#8217; video=\u00bb video_ratio=&#8217;16:9&#8242; overlay_opacity=&#8217;0.5&#8242; overlay_color=\u00bb overlay_pattern=\u00bb overlay_custom_pattern=\u00bb shadow=&#8217;no-border-styling&#8217; bottom_border=&#8217;no-border-styling&#8217; bottom_border_diagonal_color=&#8217;#333333&#8242; bottom_border_diagonal_direction=\u00bb bottom_border_style=\u00bb custom_arrow_bg=\u00bb id=\u00bb custom_class=\u00bb template_class=\u00bb aria_label=\u00bb av_element_hidden_in_editor=&#8217;0&#8242; av_uid=&#8217;av-kpvoegy1&#8242; sc_version=&#8217;1.0&#8242;]<br \/>\n[av_heading heading=&#8217;Tablero de Comando con inteligencia empresarial&#8217; tag=&#8217;h2&#8242; style=&#8217;blockquote modern-quote modern-centered&#8217; subheading_active=&#8217;subheading_below&#8217; show_icon=\u00bb icon=&#8217;ue800&#8242; font=&#8217;entypo-fontello&#8217; size=&#8217;72&#8217; av-medium-font-size-title=\u00bb av-small-font-size-title=\u00bb av-mini-font-size-title=\u00bb subheading_size=&#8217;20&#8217; av-medium-font-size=\u00bb av-small-font-size=\u00bb av-mini-font-size=\u00bb icon_size=\u00bb av-medium-font-size-1=\u00bb av-small-font-size-1=\u00bb av-mini-font-size-1=\u00bb color=&#8217;custom-color-heading&#8217; custom_font=&#8217;#ffffff&#8217; icon_color=\u00bb margin=\u00bb margin_sync=&#8217;true&#8217; padding=&#8217;10&#8217; icon_padding=&#8217;10&#8217; link=\u00bb link_target=\u00bb id=\u00bb custom_class=\u00bb template_class=\u00bb av_uid=&#8217;av-kpvof6nw&#8217; sc_version=&#8217;1.0&#8242; admin_preview_bg=\u00bb]<br \/>\nVisualice la informaci\u00f3n mas importante de su empresa desde su SmarTV, Celular, Tablet o su PC.<br \/>\n[\/av_heading]<br \/>\n[\/av_section]<\/p>\n<p>[av_textblock fold_type=\u00bb fold_height=\u00bb fold_more=&#8217;Leer m\u00e1s&#8217; fold_less=&#8217;Read less&#8217; fold_text_style=\u00bb fold_btn_align=\u00bb textblock_styling_align=\u00bb textblock_styling=\u00bb textblock_styling_gap=\u00bb textblock_styling_mobile=\u00bb size=\u00bb av-desktop-font-size=\u00bb av-medium-font-size=\u00bb av-small-font-size=\u00bb av-mini-font-size=\u00bb font_color=\u00bb color=\u00bb fold_overlay_color=\u00bb fold_text_color=\u00bb fold_btn_color=&#8217;theme-color&#8217; fold_btn_bg_color=\u00bb fold_btn_font_color=\u00bb size-btn-text=\u00bb av-desktop-font-size-btn-text=\u00bb av-medium-font-size-btn-text=\u00bb av-small-font-size-btn-text=\u00bb av-mini-font-size-btn-text=\u00bb fold_timer=\u00bb z_index_fold=\u00bb id=\u00bb custom_class=\u00bb template_class=\u00bb av_uid=&#8217;av-kpvodtlv&#8217; sc_version=&#8217;1.0&#8242; admin_preview_bg=\u00bb]<br \/>\nMediante la implementaci\u00f3n de <strong>Tableros de Comando<\/strong>\u00a0de <strong>Inteligencia de Negocios<\/strong> (<span id=\"hs_cos_wrapper_name\" class=\"hs_cos_wrapper hs_cos_wrapper_meta_field hs_cos_wrapper_type_text\" data-hs-cos-general-type=\"meta_field\" data-hs-cos-type=\"text\">Business Intelligence Dashboard<\/span>)<br \/>\n<img data-recalc-dims=\"1\" loading=\"lazy\" decoding=\"async\" class=\"aligncenter wp-image-584\" src=\"https:\/\/i0.wp.com\/maurobernal.com.ar\/blog\/wp-content\/uploads\/2019\/03\/tablero_de_comando_custom-300x132.png?resize=850%2C374&#038;ssl=1\" alt=\"\" width=\"850\" height=\"374\" srcset=\"https:\/\/i0.wp.com\/maurobernal.com.ar\/blog\/wp-content\/uploads\/2019\/03\/tablero_de_comando_custom.png?resize=300%2C132&amp;ssl=1 300w, https:\/\/i0.wp.com\/maurobernal.com.ar\/blog\/wp-content\/uploads\/2019\/03\/tablero_de_comando_custom.png?resize=768%2C338&amp;ssl=1 768w, https:\/\/i0.wp.com\/maurobernal.com.ar\/blog\/wp-content\/uploads\/2019\/03\/tablero_de_comando_custom.png?resize=1024%2C451&amp;ssl=1 1024w, https:\/\/i0.wp.com\/maurobernal.com.ar\/blog\/wp-content\/uploads\/2019\/03\/tablero_de_comando_custom.png?resize=1500%2C660&amp;ssl=1 1500w, https:\/\/i0.wp.com\/maurobernal.com.ar\/blog\/wp-content\/uploads\/2019\/03\/tablero_de_comando_custom.png?resize=705%2C310&amp;ssl=1 705w, https:\/\/i0.wp.com\/maurobernal.com.ar\/blog\/wp-content\/uploads\/2019\/03\/tablero_de_comando_custom.png?resize=450%2C198&amp;ssl=1 450w, https:\/\/i0.wp.com\/maurobernal.com.ar\/blog\/wp-content\/uploads\/2019\/03\/tablero_de_comando_custom.png?w=1911&amp;ssl=1 1911w\" sizes=\"auto, (max-width: 850px) 100vw, 850px\" \/><\/p>\n<h2>\u00bfPorqu\u00e9 es diferente?<\/h2>\n<ul>\n<li>Porque tendr\u00e1 informaci\u00f3n en <strong>tiempo real <\/strong>proveniente de su sistema actual (ERP, CRM)<\/li>\n<li>Conexi\u00f3n con la mayor\u00eda de las bases de datos y <strong>Sistemas de Gesti\u00f3n<\/strong><\/li>\n<\/ul>\n<h2>Su necesidad de informaci\u00f3n en pantalla<\/h2>\n<p>Visualice comprobantes pendientes agilizando procesos.<br \/>\nVerifique stock actuales y compromisos por cumplir.<img data-recalc-dims=\"1\" loading=\"lazy\" decoding=\"async\" class=\"aligncenter wp-image-583\" src=\"https:\/\/i0.wp.com\/maurobernal.com.ar\/blog\/wp-content\/uploads\/2019\/03\/tablero_de_comando_celular-123x300.png?resize=289%2C705&#038;ssl=1\" alt=\"\" width=\"289\" height=\"705\" srcset=\"https:\/\/i0.wp.com\/maurobernal.com.ar\/blog\/wp-content\/uploads\/2019\/03\/tablero_de_comando_celular.png?resize=123%2C300&amp;ssl=1 123w, https:\/\/i0.wp.com\/maurobernal.com.ar\/blog\/wp-content\/uploads\/2019\/03\/tablero_de_comando_celular.png?resize=420%2C1024&amp;ssl=1 420w, https:\/\/i0.wp.com\/maurobernal.com.ar\/blog\/wp-content\/uploads\/2019\/03\/tablero_de_comando_celular.png?resize=289%2C705&amp;ssl=1 289w, https:\/\/i0.wp.com\/maurobernal.com.ar\/blog\/wp-content\/uploads\/2019\/03\/tablero_de_comando_celular.png?resize=410%2C999&amp;ssl=1 410w, https:\/\/i0.wp.com\/maurobernal.com.ar\/blog\/wp-content\/uploads\/2019\/03\/tablero_de_comando_celular.png?w=555&amp;ssl=1 555w\" sizes=\"auto, (max-width: 289px) 100vw, 289px\" \/><\/p>\n<h3>Adaptable a cualquier pantalla<\/h3>\n<p>No solo ser\u00e1 visible en su Celular o Tablet. Ahora podr\u00e1 marcar la diferencia visualizando sus indicadores en su Smart TV.<br \/>\n[\/av_textblock]<\/p>\n<p>[av_promobox button=&#8217;yes&#8217; label=&#8217;enviar consulta&#8217; icon_select=&#8217;yes&#8217; icon=&#8217;mail&#8217; font=&#8217;svg_entypo-fontello&#8217; label_display=\u00bb color=&#8217;theme-color&#8217; custom_bg=&#8217;#444444&#8242; custom_font=&#8217;#ffffff&#8217; size=&#8217;large&#8217; box_color=\u00bb box_custom_font=&#8217;#ffffff&#8217; box_custom_bg=&#8217;#444444&#8242; box_custom_border=&#8217;#333333&#8242; gradient_color_direction=&#8217;vertical&#8217; gradient_color_1=&#8217;#000000&#8242; gradient_color_2=&#8217;#ffffff&#8217; gradient_color_3=\u00bb border_promo=\u00bb border_promo_width=\u00bb border_promo_width_sync=&#8217;true&#8217; border_promo_color=\u00bb border_radius_promo=\u00bb border_radius_promo_sync=&#8217;true&#8217; box_shadow_promo=\u00bb box_shadow_promo_style=&#8217;0px,0px,0px,0px&#8217; box_shadow_promo_color=\u00bb link=&#8217;manually,mailto:info@maurobernal.com.ar&#8217; link_dynamic=&#8217;mailto:info@maurobernal.com.ar&#8217; link_target=\u00bb title_attr=\u00bb hover_opacity=\u00bb sonar_promo_effect=\u00bb sonar_promo_color=\u00bb sonar_promo_duration=&#8217;1&#8242; sonar_promo_scale=\u00bb sonar_promo_opac=&#8217;0.5&#8242; id=\u00bb custom_class=\u00bb template_class=\u00bb av_uid=&#8217;av-m9kb9d60&#8242; sc_version=&#8217;1.0&#8242; admin_preview_bg=\u00bb]<br \/>\nMas info en estos pdfs<\/p>\n<p><a href=\"https:\/\/maurobernal.com.ar\/blog\/wp-content\/uploads\/2025\/04\/Tableros-de-Comando-Varios.pdf\">Tableros de Comando Varios<\/a><\/p>\n<p><a href=\"https:\/\/maurobernal.com.ar\/blog\/wp-content\/uploads\/2025\/04\/Tableros-de-comando-.pdf\">Tableros de comando<\/a><br \/>\n[\/av_promobox]<\/p>\n","protected":false},"excerpt":{"rendered":"","protected":false},"author":1,"featured_media":0,"parent":0,"menu_order":0,"comment_status":"closed","ping_status":"closed","template":"","meta":{"footnotes":""},"class_list":["post-579","page","type-page","status-publish","hentry"],"yoast_head":"<!-- This site is optimized with the Yoast SEO plugin v27.4 - https:\/\/yoast.com\/product\/yoast-seo-wordpress\/ -->\n<title>Tablero de comando para sistemas Bejerman, tango Gesti\u00f3n, CRMs<\/title>\n<meta name=\"description\" content=\"Tableros de Comandos con inteligencia empresarial para visualizar la informaci\u00f3n m\u00e1s importante de su empresa desde su smartphone, table o notebook.\" \/>\n<meta name=\"robots\" content=\"index, follow, max-snippet:-1, max-image-preview:large, max-video-preview:-1\" \/>\n<link rel=\"canonical\" href=\"https:\/\/maurobernal.com.ar\/blog\/tablero-de-comando\/\" \/>\n<meta property=\"og:locale\" content=\"es_ES\" \/>\n<meta property=\"og:type\" content=\"article\" \/>\n<meta property=\"og:title\" content=\"Tablero de comando para sistemas Bejerman, tango Gesti\u00f3n, CRMs\" \/>\n<meta property=\"og:description\" content=\"Tableros de Comandos con inteligencia empresarial para visualizar la informaci\u00f3n m\u00e1s importante de su empresa desde su smartphone, table o notebook.\" \/>\n<meta property=\"og:url\" content=\"https:\/\/maurobernal.com.ar\/blog\/tablero-de-comando\/\" \/>\n<meta property=\"og:site_name\" content=\"devops Mauro Bernal\" \/>\n<meta property=\"article:modified_time\" content=\"2025-04-16T19:26:02+00:00\" \/>\n<meta property=\"og:image\" content=\"https:\/\/maurobernal.com.ar\/blog\/wp-content\/uploads\/2019\/03\/tablero_de_comando_custom-300x132.png\" \/>\n<meta name=\"twitter:card\" content=\"summary_large_image\" \/>\n<meta name=\"twitter:site\" content=\"@_maurobernal\" \/>\n<meta name=\"twitter:label1\" content=\"Tiempo de lectura\" \/>\n\t<meta name=\"twitter:data1\" content=\"2 minutos\" \/>\n<script type=\"application\/ld+json\" class=\"yoast-schema-graph\">{\"@context\":\"https:\\\/\\\/schema.org\",\"@graph\":[{\"@type\":\"WebPage\",\"@id\":\"https:\\\/\\\/maurobernal.com.ar\\\/blog\\\/tablero-de-comando\\\/\",\"url\":\"https:\\\/\\\/maurobernal.com.ar\\\/blog\\\/tablero-de-comando\\\/\",\"name\":\"Tablero de comando para sistemas Bejerman, tango Gesti\u00f3n, CRMs\",\"isPartOf\":{\"@id\":\"https:\\\/\\\/maurobernal.com.ar\\\/blog\\\/#website\"},\"primaryImageOfPage\":{\"@id\":\"https:\\\/\\\/maurobernal.com.ar\\\/blog\\\/tablero-de-comando\\\/#primaryimage\"},\"image\":{\"@id\":\"https:\\\/\\\/maurobernal.com.ar\\\/blog\\\/tablero-de-comando\\\/#primaryimage\"},\"thumbnailUrl\":\"https:\\\/\\\/maurobernal.com.ar\\\/blog\\\/wp-content\\\/uploads\\\/2019\\\/03\\\/tablero_de_comando_custom-300x132.png\",\"datePublished\":\"2019-03-21T17:27:25+00:00\",\"dateModified\":\"2025-04-16T19:26:02+00:00\",\"description\":\"Tableros de Comandos con inteligencia empresarial para visualizar la informaci\u00f3n m\u00e1s importante de su empresa desde su smartphone, table o notebook.\",\"breadcrumb\":{\"@id\":\"https:\\\/\\\/maurobernal.com.ar\\\/blog\\\/tablero-de-comando\\\/#breadcrumb\"},\"inLanguage\":\"es\",\"potentialAction\":[{\"@type\":\"ReadAction\",\"target\":[\"https:\\\/\\\/maurobernal.com.ar\\\/blog\\\/tablero-de-comando\\\/\"]}]},{\"@type\":\"ImageObject\",\"inLanguage\":\"es\",\"@id\":\"https:\\\/\\\/maurobernal.com.ar\\\/blog\\\/tablero-de-comando\\\/#primaryimage\",\"url\":\"https:\\\/\\\/i0.wp.com\\\/maurobernal.com.ar\\\/blog\\\/wp-content\\\/uploads\\\/2019\\\/03\\\/tablero_de_comando_custom.png?fit=1911%2C841&ssl=1\",\"contentUrl\":\"https:\\\/\\\/i0.wp.com\\\/maurobernal.com.ar\\\/blog\\\/wp-content\\\/uploads\\\/2019\\\/03\\\/tablero_de_comando_custom.png?fit=1911%2C841&ssl=1\",\"width\":1911,\"height\":841},{\"@type\":\"BreadcrumbList\",\"@id\":\"https:\\\/\\\/maurobernal.com.ar\\\/blog\\\/tablero-de-comando\\\/#breadcrumb\",\"itemListElement\":[{\"@type\":\"ListItem\",\"position\":1,\"name\":\"Portada\",\"item\":\"https:\\\/\\\/maurobernal.com.ar\\\/blog\\\/\"},{\"@type\":\"ListItem\",\"position\":2,\"name\":\"Tablero de Comando\"}]},{\"@type\":\"WebSite\",\"@id\":\"https:\\\/\\\/maurobernal.com.ar\\\/blog\\\/#website\",\"url\":\"https:\\\/\\\/maurobernal.com.ar\\\/blog\\\/\",\"name\":\"devops Mauro Bernal\",\"description\":\"Cuando tu trabajo es hacer que las cosas funcionen bien...\",\"publisher\":{\"@id\":\"https:\\\/\\\/maurobernal.com.ar\\\/blog\\\/#\\\/schema\\\/person\\\/09c4dbdfb59b20e015c703fd19713283\"},\"potentialAction\":[{\"@type\":\"SearchAction\",\"target\":{\"@type\":\"EntryPoint\",\"urlTemplate\":\"https:\\\/\\\/maurobernal.com.ar\\\/blog\\\/?s={search_term_string}\"},\"query-input\":{\"@type\":\"PropertyValueSpecification\",\"valueRequired\":true,\"valueName\":\"search_term_string\"}}],\"inLanguage\":\"es\"},{\"@type\":[\"Person\",\"Organization\"],\"@id\":\"https:\\\/\\\/maurobernal.com.ar\\\/blog\\\/#\\\/schema\\\/person\\\/09c4dbdfb59b20e015c703fd19713283\",\"name\":\"Mauro Bernal\",\"image\":{\"@type\":\"ImageObject\",\"inLanguage\":\"es\",\"@id\":\"https:\\\/\\\/i0.wp.com\\\/maurobernal.com.ar\\\/blog\\\/wp-content\\\/uploads\\\/2023\\\/07\\\/logo-maurobernal.png?fit=1740%2C1740&ssl=1\",\"url\":\"https:\\\/\\\/i0.wp.com\\\/maurobernal.com.ar\\\/blog\\\/wp-content\\\/uploads\\\/2023\\\/07\\\/logo-maurobernal.png?fit=1740%2C1740&ssl=1\",\"contentUrl\":\"https:\\\/\\\/i0.wp.com\\\/maurobernal.com.ar\\\/blog\\\/wp-content\\\/uploads\\\/2023\\\/07\\\/logo-maurobernal.png?fit=1740%2C1740&ssl=1\",\"width\":1740,\"height\":1740,\"caption\":\"Mauro Bernal\"},\"logo\":{\"@id\":\"https:\\\/\\\/i0.wp.com\\\/maurobernal.com.ar\\\/blog\\\/wp-content\\\/uploads\\\/2023\\\/07\\\/logo-maurobernal.png?fit=1740%2C1740&ssl=1\"},\"description\":\"Desarrollo de Sistemas en .Net, IT Callcenters, DBA de SQL Server, Mikrotik, Pentest y T\u00e9cnico consultor de Sistemas Bejerman\",\"sameAs\":[\"https:\\\/\\\/maurobernal.com.ar\",\"https:\\\/\\\/x.com\\\/_maurobernal\",\"https:\\\/\\\/youtube.com\\\/maurobernal\"]}]}<\/script>\n<!-- \/ Yoast SEO plugin. -->","yoast_head_json":{"title":"Tablero de comando para sistemas Bejerman, tango Gesti\u00f3n, CRMs","description":"Tableros de Comandos con inteligencia empresarial para visualizar la informaci\u00f3n m\u00e1s importante de su empresa desde su smartphone, table o notebook.","robots":{"index":"index","follow":"follow","max-snippet":"max-snippet:-1","max-image-preview":"max-image-preview:large","max-video-preview":"max-video-preview:-1"},"canonical":"https:\/\/maurobernal.com.ar\/blog\/tablero-de-comando\/","og_locale":"es_ES","og_type":"article","og_title":"Tablero de comando para sistemas Bejerman, tango Gesti\u00f3n, CRMs","og_description":"Tableros de Comandos con inteligencia empresarial para visualizar la informaci\u00f3n m\u00e1s importante de su empresa desde su smartphone, table o notebook.","og_url":"https:\/\/maurobernal.com.ar\/blog\/tablero-de-comando\/","og_site_name":"devops Mauro Bernal","article_modified_time":"2025-04-16T19:26:02+00:00","og_image":[{"url":"https:\/\/maurobernal.com.ar\/blog\/wp-content\/uploads\/2019\/03\/tablero_de_comando_custom-300x132.png","type":"","width":"","height":""}],"twitter_card":"summary_large_image","twitter_site":"@_maurobernal","twitter_misc":{"Tiempo de lectura":"2 minutos"},"schema":{"@context":"https:\/\/schema.org","@graph":[{"@type":"WebPage","@id":"https:\/\/maurobernal.com.ar\/blog\/tablero-de-comando\/","url":"https:\/\/maurobernal.com.ar\/blog\/tablero-de-comando\/","name":"Tablero de comando para sistemas Bejerman, tango Gesti\u00f3n, CRMs","isPartOf":{"@id":"https:\/\/maurobernal.com.ar\/blog\/#website"},"primaryImageOfPage":{"@id":"https:\/\/maurobernal.com.ar\/blog\/tablero-de-comando\/#primaryimage"},"image":{"@id":"https:\/\/maurobernal.com.ar\/blog\/tablero-de-comando\/#primaryimage"},"thumbnailUrl":"https:\/\/maurobernal.com.ar\/blog\/wp-content\/uploads\/2019\/03\/tablero_de_comando_custom-300x132.png","datePublished":"2019-03-21T17:27:25+00:00","dateModified":"2025-04-16T19:26:02+00:00","description":"Tableros de Comandos con inteligencia empresarial para visualizar la informaci\u00f3n m\u00e1s importante de su empresa desde su smartphone, table o notebook.","breadcrumb":{"@id":"https:\/\/maurobernal.com.ar\/blog\/tablero-de-comando\/#breadcrumb"},"inLanguage":"es","potentialAction":[{"@type":"ReadAction","target":["https:\/\/maurobernal.com.ar\/blog\/tablero-de-comando\/"]}]},{"@type":"ImageObject","inLanguage":"es","@id":"https:\/\/maurobernal.com.ar\/blog\/tablero-de-comando\/#primaryimage","url":"https:\/\/i0.wp.com\/maurobernal.com.ar\/blog\/wp-content\/uploads\/2019\/03\/tablero_de_comando_custom.png?fit=1911%2C841&ssl=1","contentUrl":"https:\/\/i0.wp.com\/maurobernal.com.ar\/blog\/wp-content\/uploads\/2019\/03\/tablero_de_comando_custom.png?fit=1911%2C841&ssl=1","width":1911,"height":841},{"@type":"BreadcrumbList","@id":"https:\/\/maurobernal.com.ar\/blog\/tablero-de-comando\/#breadcrumb","itemListElement":[{"@type":"ListItem","position":1,"name":"Portada","item":"https:\/\/maurobernal.com.ar\/blog\/"},{"@type":"ListItem","position":2,"name":"Tablero de Comando"}]},{"@type":"WebSite","@id":"https:\/\/maurobernal.com.ar\/blog\/#website","url":"https:\/\/maurobernal.com.ar\/blog\/","name":"devops Mauro Bernal","description":"Cuando tu trabajo es hacer que las cosas funcionen bien...","publisher":{"@id":"https:\/\/maurobernal.com.ar\/blog\/#\/schema\/person\/09c4dbdfb59b20e015c703fd19713283"},"potentialAction":[{"@type":"SearchAction","target":{"@type":"EntryPoint","urlTemplate":"https:\/\/maurobernal.com.ar\/blog\/?s={search_term_string}"},"query-input":{"@type":"PropertyValueSpecification","valueRequired":true,"valueName":"search_term_string"}}],"inLanguage":"es"},{"@type":["Person","Organization"],"@id":"https:\/\/maurobernal.com.ar\/blog\/#\/schema\/person\/09c4dbdfb59b20e015c703fd19713283","name":"Mauro Bernal","image":{"@type":"ImageObject","inLanguage":"es","@id":"https:\/\/i0.wp.com\/maurobernal.com.ar\/blog\/wp-content\/uploads\/2023\/07\/logo-maurobernal.png?fit=1740%2C1740&ssl=1","url":"https:\/\/i0.wp.com\/maurobernal.com.ar\/blog\/wp-content\/uploads\/2023\/07\/logo-maurobernal.png?fit=1740%2C1740&ssl=1","contentUrl":"https:\/\/i0.wp.com\/maurobernal.com.ar\/blog\/wp-content\/uploads\/2023\/07\/logo-maurobernal.png?fit=1740%2C1740&ssl=1","width":1740,"height":1740,"caption":"Mauro Bernal"},"logo":{"@id":"https:\/\/i0.wp.com\/maurobernal.com.ar\/blog\/wp-content\/uploads\/2023\/07\/logo-maurobernal.png?fit=1740%2C1740&ssl=1"},"description":"Desarrollo de Sistemas en .Net, IT Callcenters, DBA de SQL Server, Mikrotik, Pentest y T\u00e9cnico consultor de Sistemas Bejerman","sameAs":["https:\/\/maurobernal.com.ar","https:\/\/x.com\/_maurobernal","https:\/\/youtube.com\/maurobernal"]}]}},"jetpack-related-posts":[],"jetpack_sharing_enabled":true,"_links":{"self":[{"href":"https:\/\/maurobernal.com.ar\/blog\/wp-json\/wp\/v2\/pages\/579","targetHints":{"allow":["GET"]}}],"collection":[{"href":"https:\/\/maurobernal.com.ar\/blog\/wp-json\/wp\/v2\/pages"}],"about":[{"href":"https:\/\/maurobernal.com.ar\/blog\/wp-json\/wp\/v2\/types\/page"}],"author":[{"embeddable":true,"href":"https:\/\/maurobernal.com.ar\/blog\/wp-json\/wp\/v2\/users\/1"}],"replies":[{"embeddable":true,"href":"https:\/\/maurobernal.com.ar\/blog\/wp-json\/wp\/v2\/comments?post=579"}],"version-history":[{"count":19,"href":"https:\/\/maurobernal.com.ar\/blog\/wp-json\/wp\/v2\/pages\/579\/revisions"}],"predecessor-version":[{"id":1157,"href":"https:\/\/maurobernal.com.ar\/blog\/wp-json\/wp\/v2\/pages\/579\/revisions\/1157"}],"wp:attachment":[{"href":"https:\/\/maurobernal.com.ar\/blog\/wp-json\/wp\/v2\/media?parent=579"}],"curies":[{"name":"wp","href":"https:\/\/api.w.org\/{rel}","templated":true}]}}