{"id":449,"date":"2014-08-29T08:00:40","date_gmt":"2014-08-29T08:00:40","guid":{"rendered":"http:\/\/wp\/?page_id=63"},"modified":"2021-06-16T12:48:05","modified_gmt":"2021-06-16T15:48:05","slug":"acerca","status":"publish","type":"page","link":"https:\/\/maurobernal.com.ar\/blog\/acerca\/","title":{"rendered":"Acerca"},"content":{"rendered":"<p>[av_section min_height=\u00bb min_height_pc=&#8217;25&#8217; min_height_px=&#8217;430px&#8217; padding=&#8217;default&#8217; custom_margin=&#8217;0px&#8217; custom_margin_sync=&#8217;true&#8217; color=&#8217;main_color&#8217; background=&#8217;bg_color&#8217; custom_bg=&#8217;#4ecac2&#8242; background_gradient_color1=\u00bb background_gradient_color2=\u00bb background_gradient_direction=&#8217;vertical&#8217; src=\u00bb attachment=\u00bb attachment_size=\u00bb attach=&#8217;scroll&#8217; position=&#8217;bottom center&#8217; repeat=&#8217;stretch&#8217; video=\u00bb video_ratio=&#8217;16:9&#8242; overlay_opacity=&#8217;0.5&#8242; overlay_color=\u00bb overlay_pattern=\u00bb overlay_custom_pattern=\u00bb shadow=&#8217;no-border-styling&#8217; bottom_border=&#8217;border-extra-arrow-down&#8217; bottom_border_diagonal_color=&#8217;#333333&#8242; bottom_border_diagonal_direction=\u00bb bottom_border_style=\u00bb custom_arrow_bg=\u00bb id=\u00bb custom_class=\u00bb template_class=\u00bb aria_label=\u00bb av_element_hidden_in_editor=&#8217;0&#8242; av_uid=&#8217;av-525kvl&#8217; sc_version=&#8217;1.0&#8242;]<\/p>\n<p>[av_heading heading=&#8217;Un resumen de mi CV&#8217; tag=&#8217;h2&#8242; style=&#8217;blockquote modern-quote&#8217; subheading_active=&#8217;subheading_below&#8217; show_icon=\u00bb icon=&#8217;ue800&#8242; font=&#8217;entypo-fontello&#8217; size=&#8217;72&#8217; av-medium-font-size-title=\u00bb av-small-font-size-title=\u00bb av-mini-font-size-title=\u00bb subheading_size=&#8217;20&#8217; av-medium-font-size=\u00bb av-small-font-size=\u00bb av-mini-font-size=\u00bb icon_size=\u00bb av-medium-font-size-1=\u00bb av-small-font-size-1=\u00bb av-mini-font-size-1=\u00bb color=&#8217;custom-color-heading&#8217; custom_font=&#8217;#ffffff&#8217; icon_color=\u00bb margin=\u00bb margin_sync=&#8217;true&#8217; padding=&#8217;10&#8217; icon_padding=&#8217;10&#8217; link=\u00bb link_target=\u00bb id=\u00bb custom_class=\u00bb template_class=\u00bb av_uid=&#8217;av-4wrxfd&#8217; sc_version=&#8217;1.0&#8242; admin_preview_bg=\u00bb]<br \/>\nHola!. Mi nombre es Mauro Bernal.<br \/>\nSoy programador desde los 18 a\u00f1os. Y llev\u00f3 trabajando en el rubro por m\u00e1s de 10 a\u00f1os.<br \/>\nMe dedico a la parte de investigaci\u00f3n e implementaci\u00f3n de nuevas tecnolog\u00eda.<br \/>\nTengo amplios conocimiento en Redes, Bases de Datos, Servidores y Lenguajes de Programaci\u00f3n<br \/>\n[\/av_heading]<\/p>\n<p>[\/av_section][av_section color=&#8217;main_color&#8217; custom_bg=\u00bb src=\u00bb attachment=\u00bb attachment_size=\u00bb attach=&#8217;scroll&#8217; position=&#8217;top left&#8217; repeat=&#8217;no-repeat&#8217; video=\u00bb video_ratio=&#8217;16:9&#8242; min_height=\u00bb min_height_px=&#8217;500px&#8217; padding=&#8217;large&#8217; shadow=&#8217;no-border-styling&#8217; bottom_border=&#8217;border-extra-arrow-down&#8217; id=\u00bb av_uid=&#8217;av-4p7wzl&#8217;]<br \/>\n[av_one_third first av_uid=&#8217;av-4jero1&#8242;]<\/p>\n<p>[av_image src=&#8217;https:\/\/maurobernal.com.ar\/blog\/wp-content\/uploads\/2020\/05\/MB-300&#215;109.png&#8217; attachment=&#8217;696&#8242; attachment_size=&#8217;medium&#8217; copyright=\u00bb caption=\u00bb styling=&#8217;circle&#8217; align=&#8217;center&#8217; font_size=\u00bb overlay_opacity=&#8217;0.4&#8242; overlay_color=&#8217;#000000&#8242; overlay_text_color=&#8217;#ffffff&#8217; animation=&#8217;pop-up&#8217; hover=\u00bb appearance=\u00bb link=\u00bb target=\u00bb id=\u00bb custom_class=\u00bb av_element_hidden_in_editor=&#8217;0&#8242; av_uid=&#8217;av-4decrt&#8217; admin_preview_bg=\u00bb][\/av_image]<\/p>\n<p>[av_textblock size=\u00bb av-medium-font-size=\u00bb av-small-font-size=\u00bb av-mini-font-size=\u00bb font_color=\u00bb color=\u00bb id=\u00bb custom_class=\u00bb av_uid=&#8217;av-3tt4nl&#8217; admin_preview_bg=\u00bb]<br \/>\n[av_font_icon icon=&#8217;ue8fd&#8217; font=&#8217;entypo-fontello&#8217; style=\u00bb caption=\u00bb size=&#8217;10px&#8217; position=&#8217;left&#8217; color=\u00bb link=\u00bb linktarget=\u00bb animation=\u00bb id=\u00bb custom_class=\u00bb av_uid=&#8217;av-1cjs3l&#8217; admin_preview_bg=\u00bb][\/av_font_icon]<\/p>\n<p><a href=\"https:\/\/linkedin.com\/in\/mauro-bernal\">https:\/\/linkedin.com\/in\/mauro-bernal<\/a><\/p>\n<p>[av_font_icon icon=&#8217;ue8f1&#8242; font=&#8217;entypo-fontello&#8217; style=\u00bb caption=\u00bb size=&#8217;10px&#8217; position=&#8217;left&#8217; color=\u00bb link=\u00bb linktarget=\u00bb animation=\u00bb id=\u00bb custom_class=\u00bb av_uid=&#8217;av-1alnep&#8217; admin_preview_bg=\u00bb][\/av_font_icon]<\/p>\n<p><a href=\"https:\/\/twitter.com\/_maurobernal\">https:\/\/twitter.com\/_maurobernal<\/a><\/p>\n<p>[av_font_icon icon=&#8217;ue909&#8242; font=&#8217;entypo-fontello&#8217; style=\u00bb caption=\u00bb size=&#8217;10px&#8217; position=&#8217;left&#8217; color=\u00bb link=\u00bb linktarget=\u00bb animation=\u00bb id=\u00bb custom_class=\u00bb av_uid=&#8217;av-10k0w1&#8242; admin_preview_bg=\u00bb][\/av_font_icon]<\/p>\n<p><a href=\"https:\/\/instagram.com\/_maurobernal\">https:\/\/instagram.com\/_maurobernal<\/a><br \/>\n[\/av_textblock]<\/p>\n<p>[av_textblock size=\u00bb font_color=\u00bb color=\u00bb admin_preview_bg=\u00bb av_uid=&#8217;av-3f5dfd&#8217;]<br \/>\nUn resumen de mis aptitudes:<br \/>\n[\/av_textblock]<\/p>\n<p>[av_progress bar_styling_secondary=\u00bb show_percentage=\u00bb bar_height=&#8217;10&#8217; bar_styling=&#8217;av-flat-bar&#8217; bar_animation=&#8217;av-fixed-bar&#8217; alb_description=\u00bb id=\u00bb custom_class=\u00bb av_uid=&#8217;av-374d3t&#8217; admin_preview_bg=\u00bb]<br \/>\n[av_progress_bar title=&#8217;5 a\u00f1os configurando Mikrotiks&#8217; progress=&#8217;30&#8217; icon_select=&#8217;yes&#8217; icon=&#8217;ue82f&#8217; font=&#8217;entypo-fontello&#8217; color=&#8217;theme-color&#8217; av_uid=&#8217;av-pqhqp&#8217;]<br \/>\n[av_progress_bar title=&#8217;8 a\u00f1os como SysAdmin Servidores Linux&#8217; progress=&#8217;45&#8217; icon_select=&#8217;yes&#8217; icon=&#8217;ue854&#8242; font=&#8217;entypo-fontello&#8217; color=&#8217;theme-color&#8217; av_uid=&#8217;av-k6io1&#8242;]<br \/>\n[av_progress_bar title=&#8217;5 a\u00f1os con Dise\u00f1o (Photoshop, Illustrator)&#8217; progress=&#8217;45&#8217; color=&#8217;theme-color&#8217; icon_select=&#8217;yes&#8217; icon=&#8217;ue837&#8242; font=&#8217;entypo-fontello&#8217; av_uid=&#8217;av-2ps6fd&#8217;]<br \/>\n[av_progress_bar title=&#8217;7 a\u00f1os como consultor de Bejerman&#8217; progress=&#8217;60&#8217; color=&#8217;theme-color&#8217; icon_select=&#8217;yes&#8217; icon=&#8217;ue80b&#8217; font=&#8217;entypo-fontello&#8217; av_uid=&#8217;av-2i0uvd&#8217;]<br \/>\n[av_progress_bar title=&#8217;7 a\u00f1os con Dise\u00f1o Web&#8217; progress=&#8217;90&#8217; color=&#8217;theme-color&#8217; icon_select=&#8217;yes&#8217; icon=&#8217;ue8ad&#8217; font=&#8217;entypo-fontello&#8217; av_uid=&#8217;av-8wbzd&#8217;]<br \/>\n[av_progress_bar title=&#8217;15 A\u00f1os como DBA SQL Server&#8217; progress=&#8217;90&#8217; icon_select=&#8217;yes&#8217; icon=&#8217;ue8d3&#8242; font=&#8217;entypo-fontello&#8217; color=&#8217;theme-color&#8217; av_uid=&#8217;av-g96pd&#8217;]<br \/>\n[av_progress_bar title=&#8217;16 a\u00f1os programando en .NET C# y VB&#8217; progress=&#8217;96&#8217; icon_select=&#8217;yes&#8217; icon=&#8217;ue8d4&#8242; font=&#8217;entypo-fontello&#8217; color=&#8217;theme-color&#8217; av_uid=&#8217;av-vkx5&#8242;]<br \/>\n[\/av_progress]<\/p>\n<p>[\/av_one_third][av_two_third min_height=\u00bb vertical_alignment=\u00bb space=\u00bb custom_margin=\u00bb margin=&#8217;0px&#8217; padding=&#8217;0px&#8217; border=\u00bb border_color=\u00bb radius=&#8217;0px&#8217; background_color=\u00bb src=\u00bb background_position=&#8217;top left&#8217; background_repeat=&#8217;no-repeat&#8217; animation=\u00bb mobile_display=\u00bb av_uid=&#8217;av-47snyx&#8217;]<\/p>\n<p>[av_heading heading=&#8217;Short Bio&#8217; tag=&#8217;h3&#8242; link=\u00bb link_target=\u00bb style=&#8217;blockquote modern-quote&#8217; size=\u00bb subheading_active=&#8217;subheading_below&#8217; subheading_size=&#8217;15&#8217; margin=\u00bb padding=&#8217;10&#8217; color=\u00bb custom_font=\u00bb custom_class=\u00bb id=\u00bb admin_preview_bg=\u00bb av-desktop-hide=\u00bb av-medium-hide=\u00bb av-small-hide=\u00bb av-mini-hide=\u00bb av-medium-font-size-title=\u00bb av-small-font-size-title=\u00bb av-mini-font-size-title=\u00bb av-medium-font-size=\u00bb av-small-font-size=\u00bb av-mini-font-size=\u00bb av_uid=&#8217;av-emlwp&#8217;]<br \/>\nun poco de m\u00ed&#8230;<br \/>\n[\/av_heading]<\/p>\n<p>[av_textblock size=\u00bb font_color=\u00bb color=\u00bb admin_preview_bg=\u00bb av_uid=&#8217;av-3tt4nl&#8217;]<br \/>\nActualmente soy <strong>Director de Sistemas<\/strong> de una importante empresa del medio. Desarrollo los proyectos trabajando con cada uno de los integrantes del mismo, sin importar el rol o jerarqu\u00eda lo que me ha permitido aprender de cada uno de ellos. Y sobre todo se <strong>interpretar las necesidades<\/strong> y encontrar <em>las mejores herramientas<\/em> para plasmar las soluciones adquiridas.<br \/>\n[\/av_textblock]<\/p>\n<p>[av_heading heading=&#8217;Experiencia&#8217; tag=&#8217;h3&#8242; link=\u00bb link_target=\u00bb style=&#8217;blockquote modern-quote&#8217; size=\u00bb subheading_active=&#8217;subheading_below&#8217; subheading_size=&#8217;15&#8217; margin=\u00bb padding=&#8217;10&#8217; color=\u00bb custom_font=\u00bb custom_class=\u00bb id=\u00bb admin_preview_bg=\u00bb av-desktop-hide=\u00bb av-medium-hide=\u00bb av-small-hide=\u00bb av-mini-hide=\u00bb av-medium-font-size-title=\u00bb av-small-font-size-title=\u00bb av-mini-font-size-title=\u00bb av-medium-font-size=\u00bb av-small-font-size=\u00bb av-mini-font-size=\u00bb av_uid=&#8217;av-7ofqh&#8217;]<br \/>\nTrabajando en IT desde el 2001<br \/>\n[\/av_heading]<\/p>\n<p>[\/av_two_third]<br \/>\n[\/av_section]<\/p>\n<p>[av_section color=&#8217;main_color&#8217; custom_bg=&#8217;#eaeaea&#8217; src=\u00bb attachment=\u00bb attachment_size=\u00bb attach=&#8217;scroll&#8217; position=&#8217;top left&#8217; repeat=&#8217;no-repeat&#8217; video=\u00bb video_ratio=&#8217;16:9&#8242; min_height=\u00bb min_height_px=&#8217;500px&#8217; padding=&#8217;default&#8217; shadow=&#8217;border-extra-arrow-down avia-no-border-styling&#8217; border_extra_bg=\u00bb id=\u00bb av_uid=&#8217;av-1vwh49&#8242;]<br \/>\n[av_one_fifth first av_uid=&#8217;av-1qg8ax&#8217;]<\/p>\n<p>[av_animated_numbers number=&#8217;+100&#8242; icon_select=&#8217;no&#8217; icon=&#8217;ue80a&#8217; font=&#8217;entypo-fontello&#8217; font_size=\u00bb font_size_description=\u00bb link=\u00bb linktarget=&#8217;no&#8217; color=\u00bb custom_color=&#8217;#444444&#8242; admin_preview_bg=\u00bb av_uid=&#8217;av-1myp0h&#8217;]<br \/>\nClientes<br \/>\n[\/av_animated_numbers]<\/p>\n<p>[\/av_one_fifth][av_one_fifth min_height=\u00bb vertical_alignment=\u00bb space=\u00bb custom_margin=\u00bb margin=&#8217;0px&#8217; padding=&#8217;0px&#8217; border=\u00bb border_color=\u00bb radius=&#8217;0px&#8217; background_color=\u00bb src=\u00bb background_position=&#8217;top left&#8217; background_repeat=&#8217;no-repeat&#8217; animation=\u00bb mobile_display=\u00bb av_uid=&#8217;av-1e0fxl&#8217;]<\/p>\n<p>[av_animated_numbers number=&#8217;+300&#8242; icon_select=&#8217;no&#8217; icon=&#8217;ue812&#8242; font=&#8217;entypo-fontello&#8217; font_size=\u00bb font_size_description=\u00bb link=\u00bb linktarget=&#8217;no&#8217; color=\u00bb custom_color=&#8217;#444444&#8242; admin_preview_bg=\u00bb av_uid=&#8217;av-174kbl&#8217;]<br \/>\nProyectos terminados<br \/>\n[\/av_animated_numbers]<\/p>\n<p>[\/av_one_fifth][av_one_fifth min_height=\u00bb vertical_alignment=\u00bb space=\u00bb custom_margin=\u00bb margin=&#8217;0px&#8217; padding=&#8217;0px&#8217; border=\u00bb border_color=\u00bb radius=&#8217;0px&#8217; background_color=\u00bb src=\u00bb background_position=&#8217;top left&#8217; background_repeat=&#8217;no-repeat&#8217; animation=\u00bb mobile_display=\u00bb av_uid=&#8217;av-116und&#8217;]<\/p>\n<p>[av_animated_numbers number=&#8217;+15000&#8242; icon_select=&#8217;no&#8217; icon=&#8217;ue862&#8242; font=&#8217;entypo-fontello&#8217; font_size=\u00bb font_size_description=\u00bb link=\u00bb linktarget=&#8217;no&#8217; color=\u00bb custom_color=&#8217;#444444&#8242; admin_preview_bg=\u00bb av_uid=&#8217;av-zfvo9&#8242;]<br \/>\nHoras de Experiencia<br \/>\n[\/av_animated_numbers]<\/p>\n<p>[\/av_one_fifth][av_one_fifth min_height=\u00bb vertical_alignment=\u00bb space=\u00bb custom_margin=\u00bb margin=&#8217;0px&#8217; padding=&#8217;0px&#8217; border=\u00bb border_color=\u00bb radius=&#8217;0px&#8217; background_color=\u00bb src=\u00bb background_position=&#8217;top left&#8217; background_repeat=&#8217;no-repeat&#8217; animation=\u00bb mobile_display=\u00bb av_uid=&#8217;av-pumnt&#8217;]<\/p>\n<p>[av_animated_numbers number=&#8217;120.000&#8242; icon_select=&#8217;no&#8217; icon=&#8217;ue844&#8242; font=&#8217;entypo-fontello&#8217; font_size=\u00bb font_size_description=\u00bb link=\u00bb linktarget=&#8217;no&#8217; color=\u00bb custom_color=&#8217;#444444&#8242; admin_preview_bg=\u00bb av_uid=&#8217;av-ki1sh&#8217;]<br \/>\nart\u00edculos le\u00eddos<br \/>\n[\/av_animated_numbers]<\/p>\n<p>[\/av_one_fifth][av_one_fifth min_height=\u00bb vertical_alignment=\u00bb space=\u00bb custom_margin=\u00bb margin=&#8217;0px&#8217; padding=&#8217;0px&#8217; border=\u00bb border_color=\u00bb radius=&#8217;0px&#8217; background_color=\u00bb src=\u00bb background_position=&#8217;top left&#8217; background_repeat=&#8217;no-repeat&#8217; animation=\u00bb mobile_display=\u00bb av_uid=&#8217;av-g9sb5&#8242;]<\/p>\n<p>[av_animated_numbers number=&#8217;16+&#8217; icon_select=&#8217;no&#8217; icon=&#8217;ue8c4&#8242; font=&#8217;entypo-fontello&#8217; font_size=\u00bb font_size_description=\u00bb link=\u00bb linktarget=&#8217;no&#8217; color=\u00bb custom_color=&#8217;#444444&#8242; admin_preview_bg=\u00bb av_uid=&#8217;av-7m3mp&#8217;]<br \/>\npizzas por mes<br \/>\n[\/av_animated_numbers]<\/p>\n<p>[\/av_one_fifth]<br \/>\n[\/av_section]<\/p>\n","protected":false},"excerpt":{"rendered":"","protected":false},"author":1,"featured_media":0,"parent":0,"menu_order":0,"comment_status":"open","ping_status":"open","template":"","meta":{"footnotes":""},"class_list":["post-449","page","type-page","status-publish","hentry"],"yoast_head":"<!-- This site is optimized with the Yoast SEO plugin v27.3 - https:\/\/yoast.com\/product\/yoast-seo-wordpress\/ -->\n<title>acerca de Mauro Bernal - consultor, sysadmin y desarrollador en Mendoza<\/title>\n<meta name=\"description\" content=\"Desarrollo de Sistemas en .Net, IT Callcenters, DBA de SQL Server, Mikrotik, Pentest y T\u00e9cnico consultor de Sistemas Bejerman en Mendoza - Argentina.\" \/>\n<meta name=\"robots\" content=\"index, follow, max-snippet:-1, max-image-preview:large, max-video-preview:-1\" \/>\n<link rel=\"canonical\" href=\"https:\/\/maurobernal.com.ar\/blog\/acerca\/\" \/>\n<meta property=\"og:locale\" content=\"es_ES\" \/>\n<meta property=\"og:type\" content=\"article\" \/>\n<meta property=\"og:title\" content=\"acerca de Mauro Bernal - consultor, sysadmin y desarrollador en Mendoza\" \/>\n<meta property=\"og:description\" content=\"Desarrollo de Sistemas en .Net, IT Callcenters, DBA de SQL Server, Mikrotik, Pentest y T\u00e9cnico consultor de Sistemas Bejerman en Mendoza - Argentina.\" \/>\n<meta property=\"og:url\" content=\"https:\/\/maurobernal.com.ar\/blog\/acerca\/\" \/>\n<meta property=\"og:site_name\" content=\"devops Mauro Bernal\" \/>\n<meta property=\"article:modified_time\" content=\"2021-06-16T15:48:05+00:00\" \/>\n<meta name=\"twitter:card\" content=\"summary_large_image\" \/>\n<meta name=\"twitter:site\" content=\"@_maurobernal\" \/>\n<meta name=\"twitter:label1\" content=\"Tiempo de lectura\" \/>\n\t<meta name=\"twitter:data1\" content=\"3 minutos\" \/>\n<script type=\"application\/ld+json\" class=\"yoast-schema-graph\">{\"@context\":\"https:\\\/\\\/schema.org\",\"@graph\":[{\"@type\":\"WebPage\",\"@id\":\"https:\\\/\\\/maurobernal.com.ar\\\/blog\\\/acerca\\\/\",\"url\":\"https:\\\/\\\/maurobernal.com.ar\\\/blog\\\/acerca\\\/\",\"name\":\"acerca de Mauro Bernal - consultor, sysadmin y desarrollador en Mendoza\",\"isPartOf\":{\"@id\":\"https:\\\/\\\/maurobernal.com.ar\\\/blog\\\/#website\"},\"datePublished\":\"2014-08-29T08:00:40+00:00\",\"dateModified\":\"2021-06-16T15:48:05+00:00\",\"description\":\"Desarrollo de Sistemas en .Net, IT Callcenters, DBA de SQL Server, Mikrotik, Pentest y T\u00e9cnico consultor de Sistemas Bejerman en Mendoza - Argentina.\",\"breadcrumb\":{\"@id\":\"https:\\\/\\\/maurobernal.com.ar\\\/blog\\\/acerca\\\/#breadcrumb\"},\"inLanguage\":\"es\",\"potentialAction\":[{\"@type\":\"ReadAction\",\"target\":[\"https:\\\/\\\/maurobernal.com.ar\\\/blog\\\/acerca\\\/\"]}]},{\"@type\":\"BreadcrumbList\",\"@id\":\"https:\\\/\\\/maurobernal.com.ar\\\/blog\\\/acerca\\\/#breadcrumb\",\"itemListElement\":[{\"@type\":\"ListItem\",\"position\":1,\"name\":\"Portada\",\"item\":\"https:\\\/\\\/maurobernal.com.ar\\\/blog\\\/\"},{\"@type\":\"ListItem\",\"position\":2,\"name\":\"Acerca\"}]},{\"@type\":\"WebSite\",\"@id\":\"https:\\\/\\\/maurobernal.com.ar\\\/blog\\\/#website\",\"url\":\"https:\\\/\\\/maurobernal.com.ar\\\/blog\\\/\",\"name\":\"devops Mauro Bernal\",\"description\":\"Cuando tu trabajo es hacer que las cosas funcionen bien...\",\"publisher\":{\"@id\":\"https:\\\/\\\/maurobernal.com.ar\\\/blog\\\/#\\\/schema\\\/person\\\/09c4dbdfb59b20e015c703fd19713283\"},\"potentialAction\":[{\"@type\":\"SearchAction\",\"target\":{\"@type\":\"EntryPoint\",\"urlTemplate\":\"https:\\\/\\\/maurobernal.com.ar\\\/blog\\\/?s={search_term_string}\"},\"query-input\":{\"@type\":\"PropertyValueSpecification\",\"valueRequired\":true,\"valueName\":\"search_term_string\"}}],\"inLanguage\":\"es\"},{\"@type\":[\"Person\",\"Organization\"],\"@id\":\"https:\\\/\\\/maurobernal.com.ar\\\/blog\\\/#\\\/schema\\\/person\\\/09c4dbdfb59b20e015c703fd19713283\",\"name\":\"Mauro Bernal\",\"image\":{\"@type\":\"ImageObject\",\"inLanguage\":\"es\",\"@id\":\"https:\\\/\\\/i0.wp.com\\\/maurobernal.com.ar\\\/blog\\\/wp-content\\\/uploads\\\/2023\\\/07\\\/logo-maurobernal.png?fit=1740%2C1740&ssl=1\",\"url\":\"https:\\\/\\\/i0.wp.com\\\/maurobernal.com.ar\\\/blog\\\/wp-content\\\/uploads\\\/2023\\\/07\\\/logo-maurobernal.png?fit=1740%2C1740&ssl=1\",\"contentUrl\":\"https:\\\/\\\/i0.wp.com\\\/maurobernal.com.ar\\\/blog\\\/wp-content\\\/uploads\\\/2023\\\/07\\\/logo-maurobernal.png?fit=1740%2C1740&ssl=1\",\"width\":1740,\"height\":1740,\"caption\":\"Mauro Bernal\"},\"logo\":{\"@id\":\"https:\\\/\\\/i0.wp.com\\\/maurobernal.com.ar\\\/blog\\\/wp-content\\\/uploads\\\/2023\\\/07\\\/logo-maurobernal.png?fit=1740%2C1740&ssl=1\"},\"description\":\"Desarrollo de Sistemas en .Net, IT Callcenters, DBA de SQL Server, Mikrotik, Pentest y T\u00e9cnico consultor de Sistemas Bejerman\",\"sameAs\":[\"https:\\\/\\\/maurobernal.com.ar\",\"https:\\\/\\\/x.com\\\/_maurobernal\",\"https:\\\/\\\/youtube.com\\\/maurobernal\"]}]}<\/script>\n<!-- \/ Yoast SEO plugin. -->","yoast_head_json":{"title":"acerca de Mauro Bernal - consultor, sysadmin y desarrollador en Mendoza","description":"Desarrollo de Sistemas en .Net, IT Callcenters, DBA de SQL Server, Mikrotik, Pentest y T\u00e9cnico consultor de Sistemas Bejerman en Mendoza - Argentina.","robots":{"index":"index","follow":"follow","max-snippet":"max-snippet:-1","max-image-preview":"max-image-preview:large","max-video-preview":"max-video-preview:-1"},"canonical":"https:\/\/maurobernal.com.ar\/blog\/acerca\/","og_locale":"es_ES","og_type":"article","og_title":"acerca de Mauro Bernal - consultor, sysadmin y desarrollador en Mendoza","og_description":"Desarrollo de Sistemas en .Net, IT Callcenters, DBA de SQL Server, Mikrotik, Pentest y T\u00e9cnico consultor de Sistemas Bejerman en Mendoza - Argentina.","og_url":"https:\/\/maurobernal.com.ar\/blog\/acerca\/","og_site_name":"devops Mauro Bernal","article_modified_time":"2021-06-16T15:48:05+00:00","twitter_card":"summary_large_image","twitter_site":"@_maurobernal","twitter_misc":{"Tiempo de lectura":"3 minutos"},"schema":{"@context":"https:\/\/schema.org","@graph":[{"@type":"WebPage","@id":"https:\/\/maurobernal.com.ar\/blog\/acerca\/","url":"https:\/\/maurobernal.com.ar\/blog\/acerca\/","name":"acerca de Mauro Bernal - consultor, sysadmin y desarrollador en Mendoza","isPartOf":{"@id":"https:\/\/maurobernal.com.ar\/blog\/#website"},"datePublished":"2014-08-29T08:00:40+00:00","dateModified":"2021-06-16T15:48:05+00:00","description":"Desarrollo de Sistemas en .Net, IT Callcenters, DBA de SQL Server, Mikrotik, Pentest y T\u00e9cnico consultor de Sistemas Bejerman en Mendoza - Argentina.","breadcrumb":{"@id":"https:\/\/maurobernal.com.ar\/blog\/acerca\/#breadcrumb"},"inLanguage":"es","potentialAction":[{"@type":"ReadAction","target":["https:\/\/maurobernal.com.ar\/blog\/acerca\/"]}]},{"@type":"BreadcrumbList","@id":"https:\/\/maurobernal.com.ar\/blog\/acerca\/#breadcrumb","itemListElement":[{"@type":"ListItem","position":1,"name":"Portada","item":"https:\/\/maurobernal.com.ar\/blog\/"},{"@type":"ListItem","position":2,"name":"Acerca"}]},{"@type":"WebSite","@id":"https:\/\/maurobernal.com.ar\/blog\/#website","url":"https:\/\/maurobernal.com.ar\/blog\/","name":"devops Mauro Bernal","description":"Cuando tu trabajo es hacer que las cosas funcionen bien...","publisher":{"@id":"https:\/\/maurobernal.com.ar\/blog\/#\/schema\/person\/09c4dbdfb59b20e015c703fd19713283"},"potentialAction":[{"@type":"SearchAction","target":{"@type":"EntryPoint","urlTemplate":"https:\/\/maurobernal.com.ar\/blog\/?s={search_term_string}"},"query-input":{"@type":"PropertyValueSpecification","valueRequired":true,"valueName":"search_term_string"}}],"inLanguage":"es"},{"@type":["Person","Organization"],"@id":"https:\/\/maurobernal.com.ar\/blog\/#\/schema\/person\/09c4dbdfb59b20e015c703fd19713283","name":"Mauro Bernal","image":{"@type":"ImageObject","inLanguage":"es","@id":"https:\/\/i0.wp.com\/maurobernal.com.ar\/blog\/wp-content\/uploads\/2023\/07\/logo-maurobernal.png?fit=1740%2C1740&ssl=1","url":"https:\/\/i0.wp.com\/maurobernal.com.ar\/blog\/wp-content\/uploads\/2023\/07\/logo-maurobernal.png?fit=1740%2C1740&ssl=1","contentUrl":"https:\/\/i0.wp.com\/maurobernal.com.ar\/blog\/wp-content\/uploads\/2023\/07\/logo-maurobernal.png?fit=1740%2C1740&ssl=1","width":1740,"height":1740,"caption":"Mauro Bernal"},"logo":{"@id":"https:\/\/i0.wp.com\/maurobernal.com.ar\/blog\/wp-content\/uploads\/2023\/07\/logo-maurobernal.png?fit=1740%2C1740&ssl=1"},"description":"Desarrollo de Sistemas en .Net, IT Callcenters, DBA de SQL Server, Mikrotik, Pentest y T\u00e9cnico consultor de Sistemas Bejerman","sameAs":["https:\/\/maurobernal.com.ar","https:\/\/x.com\/_maurobernal","https:\/\/youtube.com\/maurobernal"]}]}},"jetpack-related-posts":[],"jetpack_sharing_enabled":true,"_links":{"self":[{"href":"https:\/\/maurobernal.com.ar\/blog\/wp-json\/wp\/v2\/pages\/449","targetHints":{"allow":["GET"]}}],"collection":[{"href":"https:\/\/maurobernal.com.ar\/blog\/wp-json\/wp\/v2\/pages"}],"about":[{"href":"https:\/\/maurobernal.com.ar\/blog\/wp-json\/wp\/v2\/types\/page"}],"author":[{"embeddable":true,"href":"https:\/\/maurobernal.com.ar\/blog\/wp-json\/wp\/v2\/users\/1"}],"replies":[{"embeddable":true,"href":"https:\/\/maurobernal.com.ar\/blog\/wp-json\/wp\/v2\/comments?post=449"}],"version-history":[{"count":15,"href":"https:\/\/maurobernal.com.ar\/blog\/wp-json\/wp\/v2\/pages\/449\/revisions"}],"predecessor-version":[{"id":843,"href":"https:\/\/maurobernal.com.ar\/blog\/wp-json\/wp\/v2\/pages\/449\/revisions\/843"}],"wp:attachment":[{"href":"https:\/\/maurobernal.com.ar\/blog\/wp-json\/wp\/v2\/media?parent=449"}],"curies":[{"name":"wp","href":"https:\/\/api.w.org\/{rel}","templated":true}]}}