{"id":27,"date":"2012-11-30T10:37:30","date_gmt":"2012-11-30T13:37:30","guid":{"rendered":"https:\/\/maurobernal.com.ar\/blog\/?page_id=27"},"modified":"2017-08-21T18:11:17","modified_gmt":"2017-08-21T21:11:17","slug":"diseno-de-sitios-web","status":"publish","type":"page","link":"https:\/\/maurobernal.com.ar\/blog\/diseno-de-sitios-web\/","title":{"rendered":"Dise\u00f1o de Sitios Web"},"content":{"rendered":"<p>Desarrollo de sitios din\u00e1micos:<br \/>\n-Registro y acceso a usuarios<br \/>\n-P\u00e1ginas p\u00fablicas y privadas<br \/>\n-Gestor de Contenidos<br \/>\n-Sitios de Blog, Foro o e-Learning<br \/>\n-Acceso a Bases de Datos<br \/>\n-Est\u00e1disticas y posicionamiento<\/p>\n","protected":false},"excerpt":{"rendered":"<p>Desarrollo de sitios din\u00e1micos: -Registro y acceso a usuarios -P\u00e1ginas p\u00fablicas y privadas -Gestor de Contenidos -Sitios de Blog, Foro o e-Learning -Acceso a Bases de Datos -Est\u00e1disticas y posicionamiento<\/p>\n","protected":false},"author":1,"featured_media":0,"parent":0,"menu_order":0,"comment_status":"open","ping_status":"open","template":"","meta":{"footnotes":""},"class_list":["post-27","page","type-page","status-publish","hentry"],"yoast_head":"<!-- This site is optimized with the Yoast SEO plugin v27.4 - https:\/\/yoast.com\/product\/yoast-seo-wordpress\/ -->\n<title>Dise\u00f1o de Sitios Web &#183; devops Mauro Bernal<\/title>\n<meta name=\"robots\" content=\"index, follow, max-snippet:-1, max-image-preview:large, max-video-preview:-1\" \/>\n<link rel=\"canonical\" href=\"https:\/\/maurobernal.com.ar\/blog\/diseno-de-sitios-web\/\" \/>\n<meta property=\"og:locale\" content=\"es_ES\" \/>\n<meta property=\"og:type\" content=\"article\" \/>\n<meta property=\"og:title\" content=\"Dise\u00f1o de Sitios Web &#183; devops Mauro Bernal\" \/>\n<meta property=\"og:description\" content=\"Desarrollo de sitios din\u00e1micos: -Registro y acceso a usuarios -P\u00e1ginas p\u00fablicas y privadas -Gestor de Contenidos -Sitios de Blog, Foro o e-Learning -Acceso a Bases de Datos -Est\u00e1disticas y posicionamiento\" \/>\n<meta property=\"og:url\" content=\"https:\/\/maurobernal.com.ar\/blog\/diseno-de-sitios-web\/\" \/>\n<meta property=\"og:site_name\" content=\"devops Mauro Bernal\" \/>\n<meta property=\"article:modified_time\" content=\"2017-08-21T21:11:17+00:00\" \/>\n<meta name=\"twitter:card\" content=\"summary_large_image\" \/>\n<meta name=\"twitter:site\" content=\"@_maurobernal\" \/>\n<script type=\"application\/ld+json\" class=\"yoast-schema-graph\">{\"@context\":\"https:\\\/\\\/schema.org\",\"@graph\":[{\"@type\":\"WebPage\",\"@id\":\"https:\\\/\\\/maurobernal.com.ar\\\/blog\\\/diseno-de-sitios-web\\\/\",\"url\":\"https:\\\/\\\/maurobernal.com.ar\\\/blog\\\/diseno-de-sitios-web\\\/\",\"name\":\"Dise\u00f1o de Sitios Web &#183; devops Mauro Bernal\",\"isPartOf\":{\"@id\":\"https:\\\/\\\/maurobernal.com.ar\\\/blog\\\/#website\"},\"datePublished\":\"2012-11-30T13:37:30+00:00\",\"dateModified\":\"2017-08-21T21:11:17+00:00\",\"breadcrumb\":{\"@id\":\"https:\\\/\\\/maurobernal.com.ar\\\/blog\\\/diseno-de-sitios-web\\\/#breadcrumb\"},\"inLanguage\":\"es\",\"potentialAction\":[{\"@type\":\"ReadAction\",\"target\":[\"https:\\\/\\\/maurobernal.com.ar\\\/blog\\\/diseno-de-sitios-web\\\/\"]}]},{\"@type\":\"BreadcrumbList\",\"@id\":\"https:\\\/\\\/maurobernal.com.ar\\\/blog\\\/diseno-de-sitios-web\\\/#breadcrumb\",\"itemListElement\":[{\"@type\":\"ListItem\",\"position\":1,\"name\":\"Portada\",\"item\":\"https:\\\/\\\/maurobernal.com.ar\\\/blog\\\/\"},{\"@type\":\"ListItem\",\"position\":2,\"name\":\"Dise\u00f1o de Sitios Web\"}]},{\"@type\":\"WebSite\",\"@id\":\"https:\\\/\\\/maurobernal.com.ar\\\/blog\\\/#website\",\"url\":\"https:\\\/\\\/maurobernal.com.ar\\\/blog\\\/\",\"name\":\"devops Mauro Bernal\",\"description\":\"Cuando tu trabajo es hacer que las cosas funcionen bien...\",\"publisher\":{\"@id\":\"https:\\\/\\\/maurobernal.com.ar\\\/blog\\\/#\\\/schema\\\/person\\\/09c4dbdfb59b20e015c703fd19713283\"},\"potentialAction\":[{\"@type\":\"SearchAction\",\"target\":{\"@type\":\"EntryPoint\",\"urlTemplate\":\"https:\\\/\\\/maurobernal.com.ar\\\/blog\\\/?s={search_term_string}\"},\"query-input\":{\"@type\":\"PropertyValueSpecification\",\"valueRequired\":true,\"valueName\":\"search_term_string\"}}],\"inLanguage\":\"es\"},{\"@type\":[\"Person\",\"Organization\"],\"@id\":\"https:\\\/\\\/maurobernal.com.ar\\\/blog\\\/#\\\/schema\\\/person\\\/09c4dbdfb59b20e015c703fd19713283\",\"name\":\"Mauro Bernal\",\"image\":{\"@type\":\"ImageObject\",\"inLanguage\":\"es\",\"@id\":\"https:\\\/\\\/i0.wp.com\\\/maurobernal.com.ar\\\/blog\\\/wp-content\\\/uploads\\\/2023\\\/07\\\/logo-maurobernal.png?fit=1740%2C1740&ssl=1\",\"url\":\"https:\\\/\\\/i0.wp.com\\\/maurobernal.com.ar\\\/blog\\\/wp-content\\\/uploads\\\/2023\\\/07\\\/logo-maurobernal.png?fit=1740%2C1740&ssl=1\",\"contentUrl\":\"https:\\\/\\\/i0.wp.com\\\/maurobernal.com.ar\\\/blog\\\/wp-content\\\/uploads\\\/2023\\\/07\\\/logo-maurobernal.png?fit=1740%2C1740&ssl=1\",\"width\":1740,\"height\":1740,\"caption\":\"Mauro Bernal\"},\"logo\":{\"@id\":\"https:\\\/\\\/i0.wp.com\\\/maurobernal.com.ar\\\/blog\\\/wp-content\\\/uploads\\\/2023\\\/07\\\/logo-maurobernal.png?fit=1740%2C1740&ssl=1\"},\"description\":\"Desarrollo de Sistemas en .Net, IT Callcenters, DBA de SQL Server, Mikrotik, Pentest y T\u00e9cnico consultor de Sistemas Bejerman\",\"sameAs\":[\"https:\\\/\\\/maurobernal.com.ar\",\"https:\\\/\\\/x.com\\\/_maurobernal\",\"https:\\\/\\\/youtube.com\\\/maurobernal\"]}]}<\/script>\n<!-- \/ Yoast SEO plugin. -->","yoast_head_json":{"title":"Dise\u00f1o de Sitios Web &#183; devops Mauro Bernal","robots":{"index":"index","follow":"follow","max-snippet":"max-snippet:-1","max-image-preview":"max-image-preview:large","max-video-preview":"max-video-preview:-1"},"canonical":"https:\/\/maurobernal.com.ar\/blog\/diseno-de-sitios-web\/","og_locale":"es_ES","og_type":"article","og_title":"Dise\u00f1o de Sitios Web &#183; devops Mauro Bernal","og_description":"Desarrollo de sitios din\u00e1micos: -Registro y acceso a usuarios -P\u00e1ginas p\u00fablicas y privadas -Gestor de Contenidos -Sitios de Blog, Foro o e-Learning -Acceso a Bases de Datos -Est\u00e1disticas y posicionamiento","og_url":"https:\/\/maurobernal.com.ar\/blog\/diseno-de-sitios-web\/","og_site_name":"devops Mauro Bernal","article_modified_time":"2017-08-21T21:11:17+00:00","twitter_card":"summary_large_image","twitter_site":"@_maurobernal","schema":{"@context":"https:\/\/schema.org","@graph":[{"@type":"WebPage","@id":"https:\/\/maurobernal.com.ar\/blog\/diseno-de-sitios-web\/","url":"https:\/\/maurobernal.com.ar\/blog\/diseno-de-sitios-web\/","name":"Dise\u00f1o de Sitios Web &#183; devops Mauro Bernal","isPartOf":{"@id":"https:\/\/maurobernal.com.ar\/blog\/#website"},"datePublished":"2012-11-30T13:37:30+00:00","dateModified":"2017-08-21T21:11:17+00:00","breadcrumb":{"@id":"https:\/\/maurobernal.com.ar\/blog\/diseno-de-sitios-web\/#breadcrumb"},"inLanguage":"es","potentialAction":[{"@type":"ReadAction","target":["https:\/\/maurobernal.com.ar\/blog\/diseno-de-sitios-web\/"]}]},{"@type":"BreadcrumbList","@id":"https:\/\/maurobernal.com.ar\/blog\/diseno-de-sitios-web\/#breadcrumb","itemListElement":[{"@type":"ListItem","position":1,"name":"Portada","item":"https:\/\/maurobernal.com.ar\/blog\/"},{"@type":"ListItem","position":2,"name":"Dise\u00f1o de Sitios Web"}]},{"@type":"WebSite","@id":"https:\/\/maurobernal.com.ar\/blog\/#website","url":"https:\/\/maurobernal.com.ar\/blog\/","name":"devops Mauro Bernal","description":"Cuando tu trabajo es hacer que las cosas funcionen bien...","publisher":{"@id":"https:\/\/maurobernal.com.ar\/blog\/#\/schema\/person\/09c4dbdfb59b20e015c703fd19713283"},"potentialAction":[{"@type":"SearchAction","target":{"@type":"EntryPoint","urlTemplate":"https:\/\/maurobernal.com.ar\/blog\/?s={search_term_string}"},"query-input":{"@type":"PropertyValueSpecification","valueRequired":true,"valueName":"search_term_string"}}],"inLanguage":"es"},{"@type":["Person","Organization"],"@id":"https:\/\/maurobernal.com.ar\/blog\/#\/schema\/person\/09c4dbdfb59b20e015c703fd19713283","name":"Mauro Bernal","image":{"@type":"ImageObject","inLanguage":"es","@id":"https:\/\/i0.wp.com\/maurobernal.com.ar\/blog\/wp-content\/uploads\/2023\/07\/logo-maurobernal.png?fit=1740%2C1740&ssl=1","url":"https:\/\/i0.wp.com\/maurobernal.com.ar\/blog\/wp-content\/uploads\/2023\/07\/logo-maurobernal.png?fit=1740%2C1740&ssl=1","contentUrl":"https:\/\/i0.wp.com\/maurobernal.com.ar\/blog\/wp-content\/uploads\/2023\/07\/logo-maurobernal.png?fit=1740%2C1740&ssl=1","width":1740,"height":1740,"caption":"Mauro Bernal"},"logo":{"@id":"https:\/\/i0.wp.com\/maurobernal.com.ar\/blog\/wp-content\/uploads\/2023\/07\/logo-maurobernal.png?fit=1740%2C1740&ssl=1"},"description":"Desarrollo de Sistemas en .Net, IT Callcenters, DBA de SQL Server, Mikrotik, Pentest y T\u00e9cnico consultor de Sistemas Bejerman","sameAs":["https:\/\/maurobernal.com.ar","https:\/\/x.com\/_maurobernal","https:\/\/youtube.com\/maurobernal"]}]}},"jetpack-related-posts":[],"jetpack_sharing_enabled":true,"_links":{"self":[{"href":"https:\/\/maurobernal.com.ar\/blog\/wp-json\/wp\/v2\/pages\/27","targetHints":{"allow":["GET"]}}],"collection":[{"href":"https:\/\/maurobernal.com.ar\/blog\/wp-json\/wp\/v2\/pages"}],"about":[{"href":"https:\/\/maurobernal.com.ar\/blog\/wp-json\/wp\/v2\/types\/page"}],"author":[{"embeddable":true,"href":"https:\/\/maurobernal.com.ar\/blog\/wp-json\/wp\/v2\/users\/1"}],"replies":[{"embeddable":true,"href":"https:\/\/maurobernal.com.ar\/blog\/wp-json\/wp\/v2\/comments?post=27"}],"version-history":[{"count":2,"href":"https:\/\/maurobernal.com.ar\/blog\/wp-json\/wp\/v2\/pages\/27\/revisions"}],"predecessor-version":[{"id":250,"href":"https:\/\/maurobernal.com.ar\/blog\/wp-json\/wp\/v2\/pages\/27\/revisions\/250"}],"wp:attachment":[{"href":"https:\/\/maurobernal.com.ar\/blog\/wp-json\/wp\/v2\/media?parent=27"}],"curies":[{"name":"wp","href":"https:\/\/api.w.org\/{rel}","templated":true}]}}